{"id":1669,"date":"2013-10-29T09:04:24","date_gmt":"2013-10-29T07:04:24","guid":{"rendered":"http:\/\/sunnsait.at\/?page_id=1669"},"modified":"2023-10-31T00:52:47","modified_gmt":"2023-10-30T22:52:47","slug":"golf","status":"publish","type":"page","link":"https:\/\/sunnsait.at\/en\/summer\/golf\/","title":{"rendered":"Golf"},"content":{"rendered":"<h1>Experience nature on the green<\/h1>\n<p>Exercise in the fresh air and the lure of a challenge make golfing an irresistable challenge for many. If you also love golf, you\u2019ll be well served on your golfing holiday at Sunnsait.<\/p>\n<p>Sunnsait is a partner hotel of the Urslautal Golf Course. This means that you can benefit from the following advantages:<\/p>\n<ul>\n<li>30% discount on the green free<\/li>\n<li>Free use of the driving range<\/li>\n<li>10% discount on all golf trainings<\/li>\n<li>Discount on the <a title=\"Golf Alpin Card\" href=\"http:\/\/www.golf-alpin.at\/en\/golf-alpin-card\/?contentId_=87\" target=\"_blank\" rel=\"noopener\">Golf Alpin Card<\/a> (valid for particular golf courses nearby)<\/li>\n<\/ul>\n<h2>Urslautal Golf Course<\/h2>\n<p>The professional-class Urslautal Golf Course\u2019s 18 holes (par 71) are complemented by the charm of its extraordinary scenery, typical of the Pinzgau region in Salzburger Land: deep green meadows and idyllic natural habitats, all framed by the breathtaking background of the Steinernes Meer plateau. What more could a passionate golfer and mountain-lover want? Experience the beauty of golf in Maria Alm on a course built for the pros!<\/p>\n<h3>Tips for your golfing holiday<\/h3>\n<ul>\n<li><a href=\"http:\/\/www.golf-urslautal.at\" target=\"_blank\" rel=\"noopener\">Urslautal Golf Course (5 min.)<\/a><\/li>\n<li><a href=\"http:\/\/www.brandlhof.com\/en\/brandlhof-golf-club\/\" target=\"_blank\" rel=\"noopener\">Golf Club Bandlhof (15 min.)<\/a><\/li>\n<li><a href=\"http:\/\/www.golf-zellamsee.at\/en\" target=\"_blank\" rel=\"noopener\">Golf Club Zell am See (20 min.)<\/a><\/li>\n<li><a href=\"https:\/\/golfclub-goldegg.com\" target=\"_blank\" rel=\"noopener\">Golf Club Goldegg (35 min.)<\/a><\/li>\n<li><a href=\"https:\/\/www.golfsanktjohann.at\" target=\"_blank\" rel=\"noopener\">Golf Club St. Johann (40 min.)<\/a><\/li>\n<li><a href=\"http:\/\/www.radstadtgolf.at\/english\/index.html\" target=\"_blank\" rel=\"noopener\">Golf Club Radstadt (60 min.)<\/a><\/li>\n<li><a href=\"http:\/\/gcbgd.de\/index.php\/de\/\" target=\"_blank\" rel=\"noopener\">Golf in Berchtesgaden (60 min)<\/a><\/li>\n<li><a href=\"https:\/\/www.hochkoenig.at\/en\/hochkoenigcard\/the-hochkoenigcard-one-card-many-discounts.html\" target=\"_blank\" rel=\"noopener\">Hochk\u00f6nig Card<\/a><\/li>\n<li>Storage room for your golf bags<\/li>\n<\/ul>\n<p>&nbsp;<\/p>\n<p>&nbsp;<\/p>\n","protected":false},"excerpt":{"rendered":"<p>Playing golf with mountain view. Urslautal Golf Course nearby.<\/p>\n","protected":false},"author":2,"featured_media":13236,"parent":1643,"menu_order":4,"comment_status":"open","ping_status":"closed","template":"","meta":{"_acf_changed":false,"footnotes":""},"class_list":["post-1669","page","type-page","status-publish","has-post-thumbnail","hentry"],"acf":[],"yoast_head":"<!-- This site is optimized with the Yoast SEO plugin v27.3 - https:\/\/yoast.com\/product\/yoast-seo-wordpress\/ -->\n<title>Golf - Sunnsait, Appartements f\u00fcr Genie\u00dfer<\/title>\n<meta name=\"description\" content=\"Vom Sunnsait erreichen Sie den Golfplatz in nur f\u00fcnf Autominuten. Herrliches Bergpanorama begleitet Sie am gr\u00fcnen Rasen. F\u00fcnf weitere, nahe Golfpl\u00e4tze.\" \/>\n<meta name=\"robots\" content=\"index, follow, max-snippet:-1, max-image-preview:large, max-video-preview:-1\" \/>\n<link rel=\"canonical\" href=\"https:\/\/sunnsait.at\/en\/summer\/golf\/\" \/>\n<meta property=\"og:locale\" content=\"en_US\" \/>\n<meta property=\"og:type\" content=\"article\" \/>\n<meta property=\"og:title\" content=\"Golf - Sunnsait, Appartements f\u00fcr Genie\u00dfer\" \/>\n<meta property=\"og:description\" content=\"Vom Sunnsait erreichen Sie den Golfplatz in nur f\u00fcnf Autominuten. Herrliches Bergpanorama begleitet Sie am gr\u00fcnen Rasen. F\u00fcnf weitere, nahe Golfpl\u00e4tze.\" \/>\n<meta property=\"og:url\" content=\"https:\/\/sunnsait.at\/en\/summer\/golf\/\" \/>\n<meta property=\"og:site_name\" content=\"Sunnsait, Appartements f\u00fcr Genie\u00dfer\" \/>\n<meta property=\"article:modified_time\" content=\"2023-10-30T22:52:47+00:00\" \/>\n<meta property=\"og:image\" content=\"https:\/\/sunnsait.at\/wp-content\/uploads\/2015\/03\/SL_golf_A6007209-1600x1200-800x600.jpg\" \/>\n\t<meta property=\"og:image:width\" content=\"800\" \/>\n\t<meta property=\"og:image:height\" content=\"600\" \/>\n\t<meta property=\"og:image:type\" content=\"image\/jpeg\" \/>\n<meta name=\"twitter:label1\" content=\"Est. reading time\" \/>\n\t<meta name=\"twitter:data1\" content=\"2 minutes\" \/>\n<script type=\"application\/ld+json\" class=\"yoast-schema-graph\">{\"@context\":\"https:\\\/\\\/schema.org\",\"@graph\":[{\"@type\":\"WebPage\",\"@id\":\"https:\\\/\\\/sunnsait.at\\\/en\\\/summer\\\/golf\\\/\",\"url\":\"https:\\\/\\\/sunnsait.at\\\/en\\\/summer\\\/golf\\\/\",\"name\":\"Golf - Sunnsait, Appartements f\u00fcr Genie\u00dfer\",\"isPartOf\":{\"@id\":\"https:\\\/\\\/sunnsait.at\\\/en\\\/#website\"},\"primaryImageOfPage\":{\"@id\":\"https:\\\/\\\/sunnsait.at\\\/en\\\/summer\\\/golf\\\/#primaryimage\"},\"image\":{\"@id\":\"https:\\\/\\\/sunnsait.at\\\/en\\\/summer\\\/golf\\\/#primaryimage\"},\"thumbnailUrl\":\"https:\\\/\\\/sunnsait.at\\\/wp-content\\\/uploads\\\/2015\\\/03\\\/SL_golf_A6007209-1600x1200-800x600.jpg\",\"datePublished\":\"2013-10-29T07:04:24+00:00\",\"dateModified\":\"2023-10-30T22:52:47+00:00\",\"description\":\"Vom Sunnsait erreichen Sie den Golfplatz in nur f\u00fcnf Autominuten. Herrliches Bergpanorama begleitet Sie am gr\u00fcnen Rasen. F\u00fcnf weitere, nahe Golfpl\u00e4tze.\",\"breadcrumb\":{\"@id\":\"https:\\\/\\\/sunnsait.at\\\/en\\\/summer\\\/golf\\\/#breadcrumb\"},\"inLanguage\":\"en-US\",\"potentialAction\":[{\"@type\":\"ReadAction\",\"target\":[\"https:\\\/\\\/sunnsait.at\\\/en\\\/summer\\\/golf\\\/\"]}]},{\"@type\":\"ImageObject\",\"inLanguage\":\"en-US\",\"@id\":\"https:\\\/\\\/sunnsait.at\\\/en\\\/summer\\\/golf\\\/#primaryimage\",\"url\":\"https:\\\/\\\/sunnsait.at\\\/wp-content\\\/uploads\\\/2015\\\/03\\\/SL_golf_A6007209-1600x1200-800x600.jpg\",\"contentUrl\":\"https:\\\/\\\/sunnsait.at\\\/wp-content\\\/uploads\\\/2015\\\/03\\\/SL_golf_A6007209-1600x1200-800x600.jpg\",\"width\":800,\"height\":600,\"caption\":\"Sunnsait apartments - golfing\"},{\"@type\":\"BreadcrumbList\",\"@id\":\"https:\\\/\\\/sunnsait.at\\\/en\\\/summer\\\/golf\\\/#breadcrumb\",\"itemListElement\":[{\"@type\":\"ListItem\",\"position\":1,\"name\":\"Home\",\"item\":\"https:\\\/\\\/sunnsait.at\\\/en\\\/\"},{\"@type\":\"ListItem\",\"position\":2,\"name\":\"Summer\",\"item\":\"https:\\\/\\\/sunnsait.at\\\/en\\\/summer\\\/\"},{\"@type\":\"ListItem\",\"position\":3,\"name\":\"Golf\"}]},{\"@type\":\"WebSite\",\"@id\":\"https:\\\/\\\/sunnsait.at\\\/en\\\/#website\",\"url\":\"https:\\\/\\\/sunnsait.at\\\/en\\\/\",\"name\":\"Sunnsait, Appartements f\u00fcr Genie\u00dfer\",\"description\":\"Eine weitere WordPress-Seite\",\"potentialAction\":[{\"@type\":\"SearchAction\",\"target\":{\"@type\":\"EntryPoint\",\"urlTemplate\":\"https:\\\/\\\/sunnsait.at\\\/en\\\/?s={search_term_string}\"},\"query-input\":{\"@type\":\"PropertyValueSpecification\",\"valueRequired\":true,\"valueName\":\"search_term_string\"}}],\"inLanguage\":\"en-US\"}]}<\/script>\n<!-- \/ Yoast SEO plugin. -->","yoast_head_json":{"title":"Golf - Sunnsait, Appartements f\u00fcr Genie\u00dfer","description":"Vom Sunnsait erreichen Sie den Golfplatz in nur f\u00fcnf Autominuten. Herrliches Bergpanorama begleitet Sie am gr\u00fcnen Rasen. F\u00fcnf weitere, nahe Golfpl\u00e4tze.","robots":{"index":"index","follow":"follow","max-snippet":"max-snippet:-1","max-image-preview":"max-image-preview:large","max-video-preview":"max-video-preview:-1"},"canonical":"https:\/\/sunnsait.at\/en\/summer\/golf\/","og_locale":"en_US","og_type":"article","og_title":"Golf - Sunnsait, Appartements f\u00fcr Genie\u00dfer","og_description":"Vom Sunnsait erreichen Sie den Golfplatz in nur f\u00fcnf Autominuten. Herrliches Bergpanorama begleitet Sie am gr\u00fcnen Rasen. F\u00fcnf weitere, nahe Golfpl\u00e4tze.","og_url":"https:\/\/sunnsait.at\/en\/summer\/golf\/","og_site_name":"Sunnsait, Appartements f\u00fcr Genie\u00dfer","article_modified_time":"2023-10-30T22:52:47+00:00","og_image":[{"width":800,"height":600,"url":"https:\/\/sunnsait.at\/wp-content\/uploads\/2015\/03\/SL_golf_A6007209-1600x1200-800x600.jpg","type":"image\/jpeg"}],"twitter_misc":{"Est. reading time":"2 minutes"},"schema":{"@context":"https:\/\/schema.org","@graph":[{"@type":"WebPage","@id":"https:\/\/sunnsait.at\/en\/summer\/golf\/","url":"https:\/\/sunnsait.at\/en\/summer\/golf\/","name":"Golf - Sunnsait, Appartements f\u00fcr Genie\u00dfer","isPartOf":{"@id":"https:\/\/sunnsait.at\/en\/#website"},"primaryImageOfPage":{"@id":"https:\/\/sunnsait.at\/en\/summer\/golf\/#primaryimage"},"image":{"@id":"https:\/\/sunnsait.at\/en\/summer\/golf\/#primaryimage"},"thumbnailUrl":"https:\/\/sunnsait.at\/wp-content\/uploads\/2015\/03\/SL_golf_A6007209-1600x1200-800x600.jpg","datePublished":"2013-10-29T07:04:24+00:00","dateModified":"2023-10-30T22:52:47+00:00","description":"Vom Sunnsait erreichen Sie den Golfplatz in nur f\u00fcnf Autominuten. Herrliches Bergpanorama begleitet Sie am gr\u00fcnen Rasen. F\u00fcnf weitere, nahe Golfpl\u00e4tze.","breadcrumb":{"@id":"https:\/\/sunnsait.at\/en\/summer\/golf\/#breadcrumb"},"inLanguage":"en-US","potentialAction":[{"@type":"ReadAction","target":["https:\/\/sunnsait.at\/en\/summer\/golf\/"]}]},{"@type":"ImageObject","inLanguage":"en-US","@id":"https:\/\/sunnsait.at\/en\/summer\/golf\/#primaryimage","url":"https:\/\/sunnsait.at\/wp-content\/uploads\/2015\/03\/SL_golf_A6007209-1600x1200-800x600.jpg","contentUrl":"https:\/\/sunnsait.at\/wp-content\/uploads\/2015\/03\/SL_golf_A6007209-1600x1200-800x600.jpg","width":800,"height":600,"caption":"Sunnsait apartments - golfing"},{"@type":"BreadcrumbList","@id":"https:\/\/sunnsait.at\/en\/summer\/golf\/#breadcrumb","itemListElement":[{"@type":"ListItem","position":1,"name":"Home","item":"https:\/\/sunnsait.at\/en\/"},{"@type":"ListItem","position":2,"name":"Summer","item":"https:\/\/sunnsait.at\/en\/summer\/"},{"@type":"ListItem","position":3,"name":"Golf"}]},{"@type":"WebSite","@id":"https:\/\/sunnsait.at\/en\/#website","url":"https:\/\/sunnsait.at\/en\/","name":"Sunnsait, Appartements f\u00fcr Genie\u00dfer","description":"Eine weitere WordPress-Seite","potentialAction":[{"@type":"SearchAction","target":{"@type":"EntryPoint","urlTemplate":"https:\/\/sunnsait.at\/en\/?s={search_term_string}"},"query-input":{"@type":"PropertyValueSpecification","valueRequired":true,"valueName":"search_term_string"}}],"inLanguage":"en-US"}]}},"_links":{"self":[{"href":"https:\/\/sunnsait.at\/en\/wp-json\/wp\/v2\/pages\/1669","targetHints":{"allow":["GET"]}}],"collection":[{"href":"https:\/\/sunnsait.at\/en\/wp-json\/wp\/v2\/pages"}],"about":[{"href":"https:\/\/sunnsait.at\/en\/wp-json\/wp\/v2\/types\/page"}],"author":[{"embeddable":true,"href":"https:\/\/sunnsait.at\/en\/wp-json\/wp\/v2\/users\/2"}],"replies":[{"embeddable":true,"href":"https:\/\/sunnsait.at\/en\/wp-json\/wp\/v2\/comments?post=1669"}],"version-history":[{"count":16,"href":"https:\/\/sunnsait.at\/en\/wp-json\/wp\/v2\/pages\/1669\/revisions"}],"predecessor-version":[{"id":15766,"href":"https:\/\/sunnsait.at\/en\/wp-json\/wp\/v2\/pages\/1669\/revisions\/15766"}],"up":[{"embeddable":true,"href":"https:\/\/sunnsait.at\/en\/wp-json\/wp\/v2\/pages\/1643"}],"wp:featuredmedia":[{"embeddable":true,"href":"https:\/\/sunnsait.at\/en\/wp-json\/wp\/v2\/media\/13236"}],"wp:attachment":[{"href":"https:\/\/sunnsait.at\/en\/wp-json\/wp\/v2\/media?parent=1669"}],"curies":[{"name":"wp","href":"https:\/\/api.w.org\/{rel}","templated":true}]}}