{"id":1694,"date":"2014-08-22T09:07:05","date_gmt":"2014-08-22T07:07:05","guid":{"rendered":"http:\/\/sunnsait.at\/?page_id=1694"},"modified":"2024-12-04T15:36:52","modified_gmt":"2024-12-04T13:36:52","slug":"skiing","status":"publish","type":"page","link":"https:\/\/sunnsait.at\/en\/winter-2\/skiing\/","title":{"rendered":"Skiing"},"content":{"rendered":"<h1>The Hochk\u00f6nig ski area<\/h1>\n<p>Endless white expanses, long downhill runs and short bunny hills; rustic cabins and breathtaking peaks: The young Hochk\u00f6nig ski area, part of the ski association ski amad\u00e9, impresses winter sport enthusiasts with 75 seamlessly connected miles of slope and 33 ultramodern ski lifts. Experience the beauty of skiing and snowboarding in the Hochk\u00f6nig ski area, which also offers you the best in culinary pleasure.<\/p>\n<p>From your Sunnsait <a href=\"http:\/\/sunnsait.at\/wohnen\/appartements\/\">apartment<\/a> in Maria Alm overlooking the runs, you can board the \u201cdorfj@t Natrun\u201d mountain gondola only 165 ft from your door.<\/p>\n<h2>Cuisine at Alpine chalets<\/h2>\n<p>Stop and stay in an alpine cabin, where <em>Kasnocken <\/em>(pasta-shaped cheese dumplings) and <em>Kaiserschmarrn<\/em> (shredded pancake with sweet toppings) and more await your taste buds. Enjoy your meal in the clear winter sun, warm yourself next to the cabin walls, then take off down the hills, into one of the funparks, or off to freeriding with renewed energy.<\/p>\n<p>If you\u2019re not quite standing steady on one or two boards for your winter holiday, a wide variety of <strong>ski schools<\/strong> offer their services in Maria Alm.<\/p>\n<h3>Tips for your ski holiday<\/h3>\n<ul>\n<li><a href=\"http:\/\/www.skiamade.com\/en\/winter\/skiresorts\/slopespanorama\" target=\"_blank\" rel=\"noopener noreferrer\">Ski area map<\/a><\/li>\n<li><a href=\"http:\/\/www.skiamade.com\/de\/live-info\/digital-ski-amade\/3d-map\" target=\"_blank\" rel=\"noopener noreferrer\">Hochk\u00f6nig ski area in 3-D<\/a><\/li>\n<li><a href=\"http:\/\/www.hochkoenig.at\/en\/winter-holiday-salzburg\/ski\/koenigstour.html?lang_redirect=en\" target=\"_blank\" rel=\"noopener noreferrer\">K\u00f6nigstour: 5 summits on 1 day<\/a><\/li>\n<li><a href=\"https:\/\/www.hochkoenig.at\/en\/winter-holiday-salzburg\/eat\/sundowner.html\" target=\"_blank\" rel=\"noopener noreferrer\">Sundowner on Hochk\u00f6nig<\/a><\/li>\n<li><a href=\"http:\/\/www.hochkoenig.at\/en\/winter-holiday-salzburg\/ski\/funpark.html\" target=\"_blank\" rel=\"noopener noreferrer\">Fun Park &amp; Fun Slope<\/a><\/li>\n<li><a href=\"https:\/\/www.hochkoenig.at\/en\/winter\/eat-drink\/restaurants-huts-in-the-hochkoenig-region.html\" target=\"_blank\" rel=\"noopener\">Ski huts<\/a><\/li>\n<li><a href=\"https:\/\/www.hochkoenig.at\/en\/infrastructure\/maria-alm-hochkoenig-ski-bus.html\" target=\"_blank\" rel=\"noopener\">Free ski bus<\/a><\/li>\n<li><a href=\"https:\/\/www.hochkoenig.at\/en\/winter\/ski-area\/ski-school-ski-rental-in-the-region.html\" target=\"_blank\" rel=\"noopener\">Ski schools<\/a><\/li>\n<li><a href=\"https:\/\/www.hochkoenig.at\/en\/winter\/ski-area\/ski-school-ski-rental-in-the-region.html\" target=\"_blank\" rel=\"noopener\">Ski rental<\/a><\/li>\n<li><a href=\"https:\/\/www.hochkoenig.at\/en\/hochkoenigcard\/the-hochkoenigcard-one-card-many-discounts.html\" target=\"_blank\" rel=\"noopener\">Hochk\u00f6nig Card<\/a><\/li>\n<\/ul>\n<h3>Ski tickets at a special price<\/h3>\n<p>Get your ski pass at a special price with the new <strong>Ski amad\u00e9 online early booking bonus<\/strong>! The earlier you secure your ski pass online, the higher the chance of a discounted price. In addition, you save a possible waiting time at the lift ticket office &#8211; and thus valuable vacation time.<\/p>\n<p>&gt; <a href=\"https:\/\/tickets.skiamade.com\/en\" target=\"_blank\" rel=\"noopener\">ski amad\u00e9 Online Ticket Shop<\/a><\/p>\n<p>&nbsp;<\/p>\n","protected":false},"excerpt":{"rendered":"<p>Top 10 for your skiing holiday in the Hochk\u00f6nig region. <\/p>\n","protected":false},"author":1,"featured_media":13517,"parent":1691,"menu_order":26,"comment_status":"open","ping_status":"closed","template":"","meta":{"_acf_changed":false,"footnotes":""},"class_list":["post-1694","page","type-page","status-publish","has-post-thumbnail","hentry"],"acf":[],"yoast_head":"<!-- This site is optimized with the Yoast SEO plugin v27.3 - https:\/\/yoast.com\/product\/yoast-seo-wordpress\/ -->\n<title>The Hochk\u00f6nig ski area - Sunnsait Apartments<\/title>\n<meta name=\"description\" content=\"The young Hochk\u00f6nig ski area, part of the ski association ski amad\u00e9 impresses winter sport enthusiasts with 33 ultramodern ski lifts and 75 miles of slope.\" \/>\n<meta name=\"robots\" content=\"index, follow, max-snippet:-1, max-image-preview:large, max-video-preview:-1\" \/>\n<link rel=\"canonical\" href=\"https:\/\/sunnsait.at\/en\/winter-2\/skiing\/\" \/>\n<meta property=\"og:locale\" content=\"en_US\" \/>\n<meta property=\"og:type\" content=\"article\" \/>\n<meta property=\"og:title\" content=\"The Hochk\u00f6nig ski area - Sunnsait Apartments\" \/>\n<meta property=\"og:description\" content=\"The young Hochk\u00f6nig ski area, part of the ski association ski amad\u00e9 impresses winter sport enthusiasts with 33 ultramodern ski lifts and 75 miles of slope.\" \/>\n<meta property=\"og:url\" content=\"https:\/\/sunnsait.at\/en\/winter-2\/skiing\/\" \/>\n<meta property=\"og:site_name\" content=\"Sunnsait, Appartements f\u00fcr Genie\u00dfer\" \/>\n<meta property=\"article:modified_time\" content=\"2024-12-04T13:36:52+00:00\" \/>\n<meta property=\"og:image\" content=\"https:\/\/sunnsait.at\/wp-content\/uploads\/2013\/09\/Hochkoenig-2-440x293.jpg\" \/>\n\t<meta property=\"og:image:width\" content=\"440\" \/>\n\t<meta property=\"og:image:height\" content=\"293\" \/>\n\t<meta property=\"og:image:type\" content=\"image\/jpeg\" \/>\n<meta name=\"twitter:label1\" content=\"Est. reading time\" \/>\n\t<meta name=\"twitter:data1\" content=\"2 minutes\" \/>\n<script type=\"application\/ld+json\" class=\"yoast-schema-graph\">{\"@context\":\"https:\\\/\\\/schema.org\",\"@graph\":[{\"@type\":\"WebPage\",\"@id\":\"https:\\\/\\\/sunnsait.at\\\/en\\\/winter-2\\\/skiing\\\/\",\"url\":\"https:\\\/\\\/sunnsait.at\\\/en\\\/winter-2\\\/skiing\\\/\",\"name\":\"The Hochk\u00f6nig ski area - Sunnsait Apartments\",\"isPartOf\":{\"@id\":\"https:\\\/\\\/sunnsait.at\\\/en\\\/#website\"},\"primaryImageOfPage\":{\"@id\":\"https:\\\/\\\/sunnsait.at\\\/en\\\/winter-2\\\/skiing\\\/#primaryimage\"},\"image\":{\"@id\":\"https:\\\/\\\/sunnsait.at\\\/en\\\/winter-2\\\/skiing\\\/#primaryimage\"},\"thumbnailUrl\":\"https:\\\/\\\/sunnsait.at\\\/wp-content\\\/uploads\\\/2013\\\/09\\\/Hochkoenig-2.jpg\",\"datePublished\":\"2014-08-22T07:07:05+00:00\",\"dateModified\":\"2024-12-04T13:36:52+00:00\",\"description\":\"The young Hochk\u00f6nig ski area, part of the ski association ski amad\u00e9 impresses winter sport enthusiasts with 33 ultramodern ski lifts and 75 miles of slope.\",\"breadcrumb\":{\"@id\":\"https:\\\/\\\/sunnsait.at\\\/en\\\/winter-2\\\/skiing\\\/#breadcrumb\"},\"inLanguage\":\"en-US\",\"potentialAction\":[{\"@type\":\"ReadAction\",\"target\":[\"https:\\\/\\\/sunnsait.at\\\/en\\\/winter-2\\\/skiing\\\/\"]}]},{\"@type\":\"ImageObject\",\"inLanguage\":\"en-US\",\"@id\":\"https:\\\/\\\/sunnsait.at\\\/en\\\/winter-2\\\/skiing\\\/#primaryimage\",\"url\":\"https:\\\/\\\/sunnsait.at\\\/wp-content\\\/uploads\\\/2013\\\/09\\\/Hochkoenig-2.jpg\",\"contentUrl\":\"https:\\\/\\\/sunnsait.at\\\/wp-content\\\/uploads\\\/2013\\\/09\\\/Hochkoenig-2.jpg\",\"width\":3543,\"height\":2362,\"caption\":\"Hochk\u00f6nig Ski region\"},{\"@type\":\"BreadcrumbList\",\"@id\":\"https:\\\/\\\/sunnsait.at\\\/en\\\/winter-2\\\/skiing\\\/#breadcrumb\",\"itemListElement\":[{\"@type\":\"ListItem\",\"position\":1,\"name\":\"Home\",\"item\":\"https:\\\/\\\/sunnsait.at\\\/en\\\/\"},{\"@type\":\"ListItem\",\"position\":2,\"name\":\"Winter\",\"item\":\"https:\\\/\\\/sunnsait.at\\\/en\\\/winter-2\\\/\"},{\"@type\":\"ListItem\",\"position\":3,\"name\":\"Skiing\"}]},{\"@type\":\"WebSite\",\"@id\":\"https:\\\/\\\/sunnsait.at\\\/en\\\/#website\",\"url\":\"https:\\\/\\\/sunnsait.at\\\/en\\\/\",\"name\":\"Sunnsait, Appartements f\u00fcr Genie\u00dfer\",\"description\":\"Eine weitere WordPress-Seite\",\"potentialAction\":[{\"@type\":\"SearchAction\",\"target\":{\"@type\":\"EntryPoint\",\"urlTemplate\":\"https:\\\/\\\/sunnsait.at\\\/en\\\/?s={search_term_string}\"},\"query-input\":{\"@type\":\"PropertyValueSpecification\",\"valueRequired\":true,\"valueName\":\"search_term_string\"}}],\"inLanguage\":\"en-US\"}]}<\/script>\n<!-- \/ Yoast SEO plugin. -->","yoast_head_json":{"title":"The Hochk\u00f6nig ski area - Sunnsait Apartments","description":"The young Hochk\u00f6nig ski area, part of the ski association ski amad\u00e9 impresses winter sport enthusiasts with 33 ultramodern ski lifts and 75 miles of slope.","robots":{"index":"index","follow":"follow","max-snippet":"max-snippet:-1","max-image-preview":"max-image-preview:large","max-video-preview":"max-video-preview:-1"},"canonical":"https:\/\/sunnsait.at\/en\/winter-2\/skiing\/","og_locale":"en_US","og_type":"article","og_title":"The Hochk\u00f6nig ski area - Sunnsait Apartments","og_description":"The young Hochk\u00f6nig ski area, part of the ski association ski amad\u00e9 impresses winter sport enthusiasts with 33 ultramodern ski lifts and 75 miles of slope.","og_url":"https:\/\/sunnsait.at\/en\/winter-2\/skiing\/","og_site_name":"Sunnsait, Appartements f\u00fcr Genie\u00dfer","article_modified_time":"2024-12-04T13:36:52+00:00","og_image":[{"width":440,"height":293,"url":"https:\/\/sunnsait.at\/wp-content\/uploads\/2013\/09\/Hochkoenig-2-440x293.jpg","type":"image\/jpeg"}],"twitter_misc":{"Est. reading time":"2 minutes"},"schema":{"@context":"https:\/\/schema.org","@graph":[{"@type":"WebPage","@id":"https:\/\/sunnsait.at\/en\/winter-2\/skiing\/","url":"https:\/\/sunnsait.at\/en\/winter-2\/skiing\/","name":"The Hochk\u00f6nig ski area - Sunnsait Apartments","isPartOf":{"@id":"https:\/\/sunnsait.at\/en\/#website"},"primaryImageOfPage":{"@id":"https:\/\/sunnsait.at\/en\/winter-2\/skiing\/#primaryimage"},"image":{"@id":"https:\/\/sunnsait.at\/en\/winter-2\/skiing\/#primaryimage"},"thumbnailUrl":"https:\/\/sunnsait.at\/wp-content\/uploads\/2013\/09\/Hochkoenig-2.jpg","datePublished":"2014-08-22T07:07:05+00:00","dateModified":"2024-12-04T13:36:52+00:00","description":"The young Hochk\u00f6nig ski area, part of the ski association ski amad\u00e9 impresses winter sport enthusiasts with 33 ultramodern ski lifts and 75 miles of slope.","breadcrumb":{"@id":"https:\/\/sunnsait.at\/en\/winter-2\/skiing\/#breadcrumb"},"inLanguage":"en-US","potentialAction":[{"@type":"ReadAction","target":["https:\/\/sunnsait.at\/en\/winter-2\/skiing\/"]}]},{"@type":"ImageObject","inLanguage":"en-US","@id":"https:\/\/sunnsait.at\/en\/winter-2\/skiing\/#primaryimage","url":"https:\/\/sunnsait.at\/wp-content\/uploads\/2013\/09\/Hochkoenig-2.jpg","contentUrl":"https:\/\/sunnsait.at\/wp-content\/uploads\/2013\/09\/Hochkoenig-2.jpg","width":3543,"height":2362,"caption":"Hochk\u00f6nig Ski region"},{"@type":"BreadcrumbList","@id":"https:\/\/sunnsait.at\/en\/winter-2\/skiing\/#breadcrumb","itemListElement":[{"@type":"ListItem","position":1,"name":"Home","item":"https:\/\/sunnsait.at\/en\/"},{"@type":"ListItem","position":2,"name":"Winter","item":"https:\/\/sunnsait.at\/en\/winter-2\/"},{"@type":"ListItem","position":3,"name":"Skiing"}]},{"@type":"WebSite","@id":"https:\/\/sunnsait.at\/en\/#website","url":"https:\/\/sunnsait.at\/en\/","name":"Sunnsait, Appartements f\u00fcr Genie\u00dfer","description":"Eine weitere WordPress-Seite","potentialAction":[{"@type":"SearchAction","target":{"@type":"EntryPoint","urlTemplate":"https:\/\/sunnsait.at\/en\/?s={search_term_string}"},"query-input":{"@type":"PropertyValueSpecification","valueRequired":true,"valueName":"search_term_string"}}],"inLanguage":"en-US"}]}},"_links":{"self":[{"href":"https:\/\/sunnsait.at\/en\/wp-json\/wp\/v2\/pages\/1694","targetHints":{"allow":["GET"]}}],"collection":[{"href":"https:\/\/sunnsait.at\/en\/wp-json\/wp\/v2\/pages"}],"about":[{"href":"https:\/\/sunnsait.at\/en\/wp-json\/wp\/v2\/types\/page"}],"author":[{"embeddable":true,"href":"https:\/\/sunnsait.at\/en\/wp-json\/wp\/v2\/users\/1"}],"replies":[{"embeddable":true,"href":"https:\/\/sunnsait.at\/en\/wp-json\/wp\/v2\/comments?post=1694"}],"version-history":[{"count":22,"href":"https:\/\/sunnsait.at\/en\/wp-json\/wp\/v2\/pages\/1694\/revisions"}],"predecessor-version":[{"id":16135,"href":"https:\/\/sunnsait.at\/en\/wp-json\/wp\/v2\/pages\/1694\/revisions\/16135"}],"up":[{"embeddable":true,"href":"https:\/\/sunnsait.at\/en\/wp-json\/wp\/v2\/pages\/1691"}],"wp:featuredmedia":[{"embeddable":true,"href":"https:\/\/sunnsait.at\/en\/wp-json\/wp\/v2\/media\/13517"}],"wp:attachment":[{"href":"https:\/\/sunnsait.at\/en\/wp-json\/wp\/v2\/media?parent=1694"}],"curies":[{"name":"wp","href":"https:\/\/api.w.org\/{rel}","templated":true}]}}